{"id":8784,"date":"2021-12-21T17:51:20","date_gmt":"2021-12-21T16:51:20","guid":{"rendered":"https:\/\/users.escalpades.eu\/escal3\/?page_id=8784"},"modified":"2022-08-26T13:51:00","modified_gmt":"2022-08-26T11:51:00","slug":"cap-sur-elcap","status":"publish","type":"page","link":"https:\/\/users.escalpades.eu\/escal3\/cap-sur-elcap","title":{"rendered":"Cap sur El Cap"},"content":{"rendered":"<div id=\"pl-8784\"  class=\"panel-layout\" ><div id=\"pg-8784-0\"  class=\"panel-grid panel-no-style\" ><div id=\"pgc-8784-0-0\"  class=\"panel-grid-cell\" ><div id=\"panel-8784-0-0-0\" class=\"so-panel widget widget_sow-editor panel-first-child panel-last-child\" data-index=\"0\" ><div\n\t\t\t\n\t\t\tclass=\"so-widget-sow-editor so-widget-sow-editor-base\"\n\t\t\t\n\t\t>\n<div class=\"siteorigin-widget-tinymce textwidget\">\n\t<h1><strong><a href=\"https:\/\/i0.wp.com\/users.escalpades.eu\/escal3\/wp-content\/uploads\/2021\/12\/novembre_Cassou1-scaled.jpg?ssl=1\"><img data-attachment-id=\"8799\" data-permalink=\"https:\/\/users.escalpades.eu\/escal3\/cap-sur-elcap\/attachment\/novembre_cassou1#main\" data-orig-file=\"https:\/\/i0.wp.com\/users.escalpades.eu\/escal3\/wp-content\/uploads\/2021\/12\/novembre_Cassou1-scaled.jpg?fit=1707%2C2560&amp;ssl=1\" data-orig-size=\"1707,2560\" data-comments-opened=\"0\" data-image-meta=\"{&quot;aperture&quot;:&quot;0&quot;,&quot;credit&quot;:&quot;&quot;,&quot;camera&quot;:&quot;&quot;,&quot;caption&quot;:&quot;&quot;,&quot;created_timestamp&quot;:&quot;0&quot;,&quot;copyright&quot;:&quot;&quot;,&quot;focal_length&quot;:&quot;0&quot;,&quot;iso&quot;:&quot;0&quot;,&quot;shutter_speed&quot;:&quot;0&quot;,&quot;title&quot;:&quot;&quot;,&quot;orientation&quot;:&quot;0&quot;}\" data-image-title=\"novembre_Cassou1\" data-image-description=\"\" data-image-caption=\"\" data-large-file=\"https:\/\/i0.wp.com\/users.escalpades.eu\/escal3\/wp-content\/uploads\/2021\/12\/novembre_Cassou1-scaled.jpg?fit=683%2C1024&amp;ssl=1\" data-recalc-dims=\"1\" loading=\"lazy\" decoding=\"async\" class=\" wp-image-8799 alignright\" src=\"https:\/\/i0.wp.com\/users.escalpades.eu\/escal3\/wp-content\/uploads\/2021\/12\/novembre_Cassou1.jpg?resize=479%2C719&#038;ssl=1\" alt=\"\" width=\"479\" height=\"719\" srcset=\"https:\/\/i0.wp.com\/users.escalpades.eu\/escal3\/wp-content\/uploads\/2021\/12\/novembre_Cassou1-scaled.jpg?resize=200%2C300&amp;ssl=1 200w, https:\/\/i0.wp.com\/users.escalpades.eu\/escal3\/wp-content\/uploads\/2021\/12\/novembre_Cassou1-scaled.jpg?resize=683%2C1024&amp;ssl=1 683w, https:\/\/i0.wp.com\/users.escalpades.eu\/escal3\/wp-content\/uploads\/2021\/12\/novembre_Cassou1-scaled.jpg?resize=768%2C1152&amp;ssl=1 768w, https:\/\/i0.wp.com\/users.escalpades.eu\/escal3\/wp-content\/uploads\/2021\/12\/novembre_Cassou1-scaled.jpg?resize=1024%2C1536&amp;ssl=1 1024w, https:\/\/i0.wp.com\/users.escalpades.eu\/escal3\/wp-content\/uploads\/2021\/12\/novembre_Cassou1-scaled.jpg?resize=1365%2C2048&amp;ssl=1 1365w, https:\/\/i0.wp.com\/users.escalpades.eu\/escal3\/wp-content\/uploads\/2021\/12\/novembre_Cassou1-scaled.jpg?w=1707&amp;ssl=1 1707w, https:\/\/i0.wp.com\/users.escalpades.eu\/escal3\/wp-content\/uploads\/2021\/12\/novembre_Cassou1-scaled.jpg?w=1440&amp;ssl=1 1440w\" sizes=\"auto, (max-width: 479px) 100vw, 479px\" \/><\/a><\/strong><\/h1>\n<h1><\/h1>\n<h1><strong>Cap sur El Cap<\/strong><\/h1>\n<p>Ils sont 9 : grimpeurs, marins, aventuriers, un chien, tous \u00e0 bord de Samsara, un voilier de 15m. Leur cap? le Yosemite et ses parois l\u00e9gendaires dont le c\u00e9l\u00e8bre El Cap.<br \/>\nApr\u00e8s avoir lev\u00e9 l'ancre d'Espagne et pass\u00e9 pr\u00e8s de 2 mois et demi sur l'oc\u00e9an Atlantique et les Cara\u00efbes \u00e0 naviguer et s'entra\u00eener, l'\u00e9quipe se trouve d\u00e9sormais au Mexique.<\/p>\n<p>Voici les r\u00e9cits exclusifs d'un voyage unique, d'une qu\u00eate qui associe navigation et escalade. Une approche nouvelle, pour montrer que des alternatives existent et qu'il est possible de vivre une aventure hors du commun tout en limitant son impact sur l'environnement.<\/p>\n<ul>\n<li><a href=\"https:\/\/users.escalpades.eu\/escal3\/wp-content\/uploads\/2021\/12\/Cap-sur-el-Cap-Newsletter-1.pdf\"><strong>NEWSLETTER <span style=\"color: #ff6600;\">#1<\/span> FR - Torredembarra \u00e0 Gibraltar, pr\u00e9paratifs et premi\u00e8re navigation<\/strong><\/a><\/li>\n<li><a href=\"https:\/\/users.escalpades.eu\/escal3\/wp-content\/uploads\/2021\/12\/La-newsletter-Cap-sur-El-Cap-2-FR.pdf\"><strong>NEWSLETTER <span style=\"color: #ff6600;\">#2<\/span> FR - Les Canaries et la travers\u00e9e de l'Atlantique<\/strong><\/a><\/li>\n<li><a href=\"https:\/\/users.escalpades.eu\/escal3\/wp-content\/uploads\/2022\/01\/CAPSURELCAP-3-FR.pdf\"><strong>NEWSLETTER <span style=\"color: #ff6600;\">#3<\/span> FR - De la Guadeloupe au Mexique, Pirates des Cara\u00efbes<\/strong><\/a><\/li>\n<li><a href=\"https:\/\/users.escalpades.eu\/escal3\/wp-content\/uploads\/2022\/02\/CAPSURELCAP4FR.pdf\"><strong>NEWSLETTER <span style=\"color: #ff6600;\">#4<\/span>\u00a0FR - Du Mexique aux Am\u00e9riques<\/strong><\/a><\/li>\n<li><a href=\"https:\/\/users.escalpades.eu\/escal3\/wp-content\/uploads\/2022\/04\/Newsletter-CAP-SUR-EL-CAP-5-FR.pdf\"><strong>NEWSLETTER <span style=\"color: #ff6600;\">#5<\/span>\u00a0FR<\/strong><\/a><\/li>\n<li><a href=\"https:\/\/users.escalpades.eu\/escal3\/wp-content\/uploads\/2022\/08\/Newsletter-6-FR-.pdf\"><strong>NEWSLETTER #6 FR<\/strong><\/a> <span style=\"color: #ff0000;\"><em> NEW<\/em><\/span><\/li>\n<\/ul>\n<h1><\/h1>\n<h1><strong>From captain to El Capitan<\/strong><\/h1>\n<p>They are 9: climbers, sailors, adventurers, a dog, all aboard Samsara, a 15m sailboat. Their course? Yosemite and its legendary walls. They set sail from Spain in October 2021 and after nearly 2 months and a half on the Atlantic Ocean and the Caribbean, navigating and training, the team is currently in Mexico.<\/p>\n<p>Here are the stories of a journey ; a quest that combines navigation and climbing. A new approach, to show that alternatives exist and that it is possible to live an extraordinary adventure while limiting its impact on the environment.<\/p>\n<ul>\n<li><a href=\"https:\/\/users.escalpades.eu\/escal3\/wp-content\/uploads\/2021\/12\/English-From-Captains-to-el-Capitan-Newsletter-1.pdf\"><strong>NEWSLETTER <span style=\"color: #ff6600;\">#1<\/span> EN - Torredembarra to Gibraltar, getting ready and first sailing<\/strong><\/a><\/li>\n<li><strong><a href=\"https:\/\/users.escalpades.eu\/escal3\/wp-content\/uploads\/2021\/12\/Newsletter-From-captains-to-El-Capitan-2-EN.pdf\">NEWSLETTER <span style=\"color: #ff6600;\">#2<\/span> EN - Canaries Islands and crossing the Atlantic<\/a><\/strong><\/li>\n<li><a href=\"https:\/\/users.escalpades.eu\/escal3\/wp-content\/uploads\/2022\/01\/CAPSURELCAP3-ENGLISH.pdf\"><strong>NEWSLETTER <span style=\"color: #ff6600;\">#3<\/span> EN - From Guadeloupe to Mexico, Pirates of the Caribbean<\/strong><\/a><\/li>\n<li><a href=\"https:\/\/users.escalpades.eu\/escal3\/wp-content\/uploads\/2022\/02\/CAPSURELCAP4ENGLISH.pdf\"><strong>NEWSLETTER <span style=\"color: #ff6600;\">#4<\/span>\u00a0EN - From Mexico to America<\/strong><\/a><strong>\u00a0<\/strong><\/li>\n<li><a href=\"https:\/\/users.escalpades.eu\/escal3\/wp-content\/uploads\/2022\/04\/Newsletter-CAP-SUR-EL-CAP-5-EN.pdf\"><strong>NEWSLETTER <span style=\"color: #ff6600;\">#5<\/span>\u00a0EN<\/strong><\/a><\/li>\n<li><a href=\"https:\/\/users.escalpades.eu\/escal3\/wp-content\/uploads\/2022\/08\/Newsletter-6-ENG.pdf\"><strong>NEWSLETTER <span style=\"color: #ff6600;\">#6<\/span>\u00a0EN<\/strong><\/a><span style=\"color: #ff0000;\"><em> NEW<\/em><\/span><\/li>\n<\/ul>\n<p>&nbsp;<\/p>\n<\/div>\n<\/div><\/div><\/div><\/div><\/div>","protected":false},"excerpt":{"rendered":"<p>Cap sur El Cap Ils sont 9 : grimpeurs, marins, aventuriers, un chien, tous \u00e0 bord de Samsara, un voilier de 15m. Leur cap? le Yosemite et ses parois l\u00e9gendaires dont le c\u00e9l\u00e8bre El Cap. Apr\u00e8s avoir lev\u00e9 l&rsquo;ancre d&rsquo;Espagne et pass\u00e9 pr\u00e8s de 2 mois et demi sur l&rsquo;oc\u00e9an Atlantique et les Cara\u00efbes \u00e0 [&hellip;]<\/p>\n","protected":false},"author":1,"featured_media":0,"parent":0,"menu_order":0,"comment_status":"closed","ping_status":"closed","template":"","meta":{"jetpack_post_was_ever_published":false,"footnotes":""},"class_list":["post-8784","page","type-page","status-publish","hentry","post"],"aioseo_notices":[],"jetpack_sharing_enabled":true,"jetpack_shortlink":"https:\/\/wp.me\/P6cOmk-2hG","jetpack-related-posts":[],"_links":{"self":[{"href":"https:\/\/users.escalpades.eu\/escal3\/wp-json\/wp\/v2\/pages\/8784","targetHints":{"allow":["GET"]}}],"collection":[{"href":"https:\/\/users.escalpades.eu\/escal3\/wp-json\/wp\/v2\/pages"}],"about":[{"href":"https:\/\/users.escalpades.eu\/escal3\/wp-json\/wp\/v2\/types\/page"}],"author":[{"embeddable":true,"href":"https:\/\/users.escalpades.eu\/escal3\/wp-json\/wp\/v2\/users\/1"}],"replies":[{"embeddable":true,"href":"https:\/\/users.escalpades.eu\/escal3\/wp-json\/wp\/v2\/comments?post=8784"}],"version-history":[{"count":37,"href":"https:\/\/users.escalpades.eu\/escal3\/wp-json\/wp\/v2\/pages\/8784\/revisions"}],"predecessor-version":[{"id":9131,"href":"https:\/\/users.escalpades.eu\/escal3\/wp-json\/wp\/v2\/pages\/8784\/revisions\/9131"}],"wp:attachment":[{"href":"https:\/\/users.escalpades.eu\/escal3\/wp-json\/wp\/v2\/media?parent=8784"}],"curies":[{"name":"wp","href":"https:\/\/api.w.org\/{rel}","templated":true}]}}