{"id":52,"date":"2014-12-16T21:01:25","date_gmt":"2014-12-16T20:01:25","guid":{"rendered":"http:\/\/users.escalpades.eu\/escal3\/?page_id=52"},"modified":"2026-03-04T10:16:29","modified_gmt":"2026-03-04T09:16:29","slug":"home","status":"publish","type":"page","link":"https:\/\/users.escalpades.eu\/escal3\/","title":{"rendered":"Home"},"content":{"rendered":"<div id=\"pl-52\"  class=\"panel-layout\" ><div id=\"pg-52-0\"  class=\"panel-grid panel-no-style\" ><div id=\"pgc-52-0-0\"  class=\"panel-grid-cell\" ><div id=\"panel-52-0-0-0\" class=\"so-panel widget widget_sow-editor panel-first-child panel-last-child\" data-index=\"0\" ><div\n\t\t\t\n\t\t\tclass=\"so-widget-sow-editor so-widget-sow-editor-base\"\n\t\t\t\n\t\t><h3 class=\"widget-title\">Contacter Escal'pades ASBL<\/h3>\n<div class=\"siteorigin-widget-tinymce textwidget\">\n\t<ul>\n<li><span style=\"color: #808080;\"><strong>Adresse :<\/strong><\/span>\u00a0Avenue de Mersch, 20 B-6700 Arlon (Belgique)<\/li>\n<li><strong><span style=\"color: #808080;\">Contact :<\/span> <\/strong>info@escalpades.eu<\/li>\n<li><strong><span style=\"color: #808080;\">T\u00e9l. :<\/span><\/strong> +32 63 57 27 57<\/li>\n<li><span style=\"color: #808080;\"><strong>Compte :<\/strong><\/span> BE59 0688 9411 6826<\/li>\n<li><span style=\"color: #808080;\"><strong>BIC :<\/strong><\/span> GKCCBEBB<\/li>\n<\/ul>\n<\/div>\n<\/div><\/div><\/div><div id=\"pgc-52-0-1\"  class=\"panel-grid-cell\" ><div id=\"panel-52-0-1-0\" class=\"so-panel widget widget_vantage-social-media panel-first-child panel-last-child\" data-index=\"1\" ><h3 class=\"widget-title\">Visitez nous aussi sur...<\/h3><a class=\"social-media-icon social-media-icon-facebook social-media-icon-size-large\" href=\"https:\/\/www.facebook.com\/Escalpades\" title=\"Escal&#039;pades ASBL Facebook\" target=\"_blank\"><span class=\"fa fa-facebook\"><\/span><\/a><a class=\"social-media-icon social-media-icon-envelope social-media-icon-size-large\" href=\"mailto:info@escalpades.eu\" title=\"Escal&#039;pades ASBL Email\" target=\"_blank\"><span class=\"fa fa-envelope\"><\/span><\/a><\/div><\/div><\/div><div id=\"pg-52-1\"  class=\"panel-grid panel-no-style\" ><div id=\"pgc-52-1-0\"  class=\"panel-grid-cell\" ><div id=\"panel-52-1-0-0\" class=\"so-panel widget widget_sow-image panel-first-child panel-last-child\" data-index=\"2\" ><div\n\t\t\t\n\t\t\tclass=\"so-widget-sow-image so-widget-sow-image-default-8b5b6f678277-52\"\n\t\t\t\n\t\t>\n<div class=\"sow-image-container\">\n\t\t<img \n\tsrc=\"https:\/\/i0.wp.com\/users.escalpades.eu\/escal3\/wp-content\/uploads\/2026\/03\/flyer_a4_vosges_2026.jpg?fit=1530%2C1980&amp;ssl=1\" width=\"1530\" height=\"1980\" srcset=\"https:\/\/i0.wp.com\/users.escalpades.eu\/escal3\/wp-content\/uploads\/2026\/03\/flyer_a4_vosges_2026.jpg?w=1530&amp;ssl=1 1530w, https:\/\/i0.wp.com\/users.escalpades.eu\/escal3\/wp-content\/uploads\/2026\/03\/flyer_a4_vosges_2026.jpg?resize=232%2C300&amp;ssl=1 232w, https:\/\/i0.wp.com\/users.escalpades.eu\/escal3\/wp-content\/uploads\/2026\/03\/flyer_a4_vosges_2026.jpg?resize=791%2C1024&amp;ssl=1 791w, https:\/\/i0.wp.com\/users.escalpades.eu\/escal3\/wp-content\/uploads\/2026\/03\/flyer_a4_vosges_2026.jpg?resize=768%2C994&amp;ssl=1 768w, https:\/\/i0.wp.com\/users.escalpades.eu\/escal3\/wp-content\/uploads\/2026\/03\/flyer_a4_vosges_2026.jpg?resize=1187%2C1536&amp;ssl=1 1187w, https:\/\/i0.wp.com\/users.escalpades.eu\/escal3\/wp-content\/uploads\/2026\/03\/flyer_a4_vosges_2026.jpg?w=1440&amp;ssl=1 1440w\" alt=\"\" \t\tclass=\"so-widget-image\"\/>\n\t<\/div>\n\n<\/div><\/div><\/div><div id=\"pgc-52-1-1\"  class=\"panel-grid-cell\" ><div id=\"panel-52-1-1-0\" class=\"so-panel widget widget_sow-editor panel-first-child panel-last-child\" data-index=\"3\" ><div\n\t\t\t\n\t\t\tclass=\"so-widget-sow-editor so-widget-sow-editor-base\"\n\t\t\t\n\t\t><h3 class=\"widget-title\">FUN4MASTERS 2026<\/h3>\n<div class=\"siteorigin-widget-tinymce textwidget\">\n\t<p>L'\u00e9dition 2026 du Fun4masters, c'est en cours !!!<\/p>\n<p>Comme chaque ann\u00e9e, une manche au KSE \u00e0 Ettelbruck et une manche \u00e0 L'Escale \u00e0 Arlon, <a title=\"http:\/\/\u00a0https:\/\/users.escalpades.eu\/escal3\/escalgrimpe\/entrainement-planification-2\u00a0\" contenteditable=\"false\" href=\"https:\/\/users.escalpades.eu\/escal3\/2025\/grimpe\/11034\"><strong>en savoir plus<\/strong><\/a><\/p>\n<p>&nbsp;<\/p>\n<p><strong>ARNAUD ORGANISE :<\/strong><\/p>\n<ul>\n<li>Un rassemblement en Alsace en ao\u00fbt 2026.<a href=\"https:\/\/users.escalpades.eu\/escal3\/wp-content\/uploads\/2026\/03\/flyer_a4_vosges_2026.pdf\"> En savoir plus<\/a>.<\/li>\n<li>Un stage de la salle \u00e0 la falaise. Info ci-joint.<\/li>\n<\/ul>\n<p>&nbsp;<\/p>\n<\/div>\n<\/div><\/div><\/div><div id=\"pgc-52-1-2\"  class=\"panel-grid-cell\" ><div id=\"panel-52-1-2-0\" class=\"so-panel widget widget_sow-image panel-first-child panel-last-child\" data-index=\"4\" ><div\n\t\t\t\n\t\t\tclass=\"so-widget-sow-image so-widget-sow-image-default-8b5b6f678277-52\"\n\t\t\t\n\t\t>\n<div class=\"sow-image-container\">\n\t\t<img \n\tsrc=\"https:\/\/i0.wp.com\/users.escalpades.eu\/escal3\/wp-content\/uploads\/2026\/01\/Salle_Falaise.png?fit=1415%2C2000&amp;ssl=1\" width=\"1415\" height=\"2000\" srcset=\"https:\/\/i0.wp.com\/users.escalpades.eu\/escal3\/wp-content\/uploads\/2026\/01\/Salle_Falaise.png?w=1415&amp;ssl=1 1415w, https:\/\/i0.wp.com\/users.escalpades.eu\/escal3\/wp-content\/uploads\/2026\/01\/Salle_Falaise.png?resize=212%2C300&amp;ssl=1 212w, https:\/\/i0.wp.com\/users.escalpades.eu\/escal3\/wp-content\/uploads\/2026\/01\/Salle_Falaise.png?resize=724%2C1024&amp;ssl=1 724w, https:\/\/i0.wp.com\/users.escalpades.eu\/escal3\/wp-content\/uploads\/2026\/01\/Salle_Falaise.png?resize=768%2C1086&amp;ssl=1 768w, https:\/\/i0.wp.com\/users.escalpades.eu\/escal3\/wp-content\/uploads\/2026\/01\/Salle_Falaise.png?resize=1087%2C1536&amp;ssl=1 1087w\" alt=\"\" \t\tclass=\"so-widget-image\"\/>\n\t<\/div>\n\n<\/div><\/div><\/div><\/div><div id=\"pg-52-2\"  class=\"panel-grid panel-no-style\" ><div id=\"pgc-52-2-0\"  class=\"panel-grid-cell\" ><div id=\"panel-52-2-0-0\" class=\"so-panel widget widget_circleicon-widget panel-first-child panel-last-child\" data-index=\"5\" >\t\t<div class=\"circle-icon-box circle-icon-position-top circle-icon-hide-box circle-icon-size-small\">\n\t\t\t<div class=\"circle-icon-wrapper\">\n\t\t\t\t\t\t\t\t<div class=\"circle-icon icon-style-set\" style=\"background-image: url(https:\/\/form.jotform.com\/211233930685353)\">\n\t\t\t\t\t<div class=\"fa fa-envelope icon-color-set\" ><\/div>\t\t\t\t<\/div>\n\t\t\t\t\t\t\t<\/div>\n\n\t\t\t\t\t\t<h4 >Newsletter<\/h4>\t\t\t\n\t\t\t<p class=\"text\" >Sois au courant de tout!<\/p>\t\t\t\t\t\t\t<a href=\"https:\/\/form.jotform.com\/211233930685353\" class=\"more-button\" >Je souscris <i><\/i><\/a>\n\t\t\t\t\t<\/div>\n\t\t<\/div><\/div><div id=\"pgc-52-2-1\"  class=\"panel-grid-cell\" ><div id=\"panel-52-2-1-0\" class=\"so-panel widget widget_circleicon-widget panel-first-child panel-last-child\" data-index=\"6\" >\t\t<div class=\"circle-icon-box circle-icon-position-top circle-icon-hide-box circle-icon-size-small\">\n\t\t\t<div class=\"circle-icon-wrapper\">\n\t\t\t\t<a href=\"https:\/\/users.escalpades.eu\/escal3\/?page_id=26\" class=\"link-icon\" >\t\t\t\t<div class=\"circle-icon\" >\n\t\t\t\t\t<div class=\"fa fa-pencil\" ><\/div>\t\t\t\t<\/div>\n\t\t\t\t<\/a>\t\t\t<\/div>\n\n\t\t\t<a href=\"https:\/\/users.escalpades.eu\/escal3\/?page_id=26\" class=\"link-title\" >\t\t\t<h4 >Devenir membre<\/h4>\t\t\t<\/a>\n\t\t\t<p class=\"text\" >Escal'pades est un cercle du Club Alpin Belge<\/p>\t\t\t\t\t\t\t<a href=\"https:\/\/users.escalpades.eu\/escal3\/?page_id=26\" class=\"more-button\" >Je m&#039;inscris <i><\/i><\/a>\n\t\t\t\t\t<\/div>\n\t\t<\/div><\/div><div id=\"pgc-52-2-2\"  class=\"panel-grid-cell\" ><div id=\"panel-52-2-2-0\" class=\"so-panel widget widget_circleicon-widget panel-first-child panel-last-child\" data-index=\"7\" >\t\t<div class=\"circle-icon-box circle-icon-position-top circle-icon-hide-box circle-icon-size-small\">\n\t\t\t<div class=\"circle-icon-wrapper\">\n\t\t\t\t\t\t\t\t<div class=\"circle-icon icon-style-set\" style=\"background-image: url(http:\/\/https:\/\/users.escalpades.eu\/escal3\/page_id=118)\">\n\t\t\t\t\t<div class=\"fa fa-question icon-color-set\" ><\/div>\t\t\t\t<\/div>\n\t\t\t\t\t\t\t<\/div>\n\n\t\t\t\t\t\t<h4 >Contact<\/h4>\t\t\t\n\t\t\t<p class=\"text\" >Prends le temps de nous poser une question<\/p>\t\t\t\t\t\t\t<a href=\"https:\/\/users.escalpades.eu\/escal3\/?page_id=118\" class=\"more-button\" >Je prends contact <i><\/i><\/a>\n\t\t\t\t\t<\/div>\n\t\t<\/div><\/div><\/div><div id=\"pg-52-3\"  class=\"panel-grid panel-no-style\" ><div id=\"pgc-52-3-0\"  class=\"panel-grid-cell\" ><div id=\"panel-52-3-0-0\" class=\"so-panel widget widget_sow-editor panel-first-child panel-last-child\" data-index=\"8\" ><div\n\t\t\t\n\t\t\tclass=\"so-widget-sow-editor so-widget-sow-editor-base\"\n\t\t\t\n\t\t>\n<div class=\"siteorigin-widget-tinymce textwidget\">\n\t<p><script id=\"timely_script\" class=\"timely-script\" src=\"https:\/\/calendar.time.ly\/embed.js\" data-src=\"https:\/\/calendar.time.ly\/318ro7nm\/?organizers=677818341&range=days&days=365&lang=fr-FR\" data-max-height=\"0\"><\/script><\/p>\n<\/div>\n<\/div><\/div><\/div><\/div><div id=\"pg-52-4\"  class=\"panel-grid panel-no-style\" ><div id=\"pgc-52-4-0\"  class=\"panel-grid-cell\" ><div id=\"panel-52-4-0-0\" class=\"so-panel widget widget_sow-image panel-first-child panel-last-child\" data-index=\"9\" ><div\n\t\t\t\n\t\t\tclass=\"so-widget-sow-image so-widget-sow-image-default-8b5b6f678277-52\"\n\t\t\t\n\t\t><\/div><\/div><\/div><div id=\"pgc-52-4-1\"  class=\"panel-grid-cell\" ><div id=\"panel-52-4-1-0\" class=\"so-panel widget widget_sow-image panel-first-child panel-last-child\" data-index=\"10\" ><div\n\t\t\t\n\t\t\tclass=\"so-widget-sow-image so-widget-sow-image-default-8b5b6f678277-52\"\n\t\t\t\n\t\t><\/div><\/div><\/div><div id=\"pgc-52-4-2\"  class=\"panel-grid-cell\" ><div id=\"panel-52-4-2-0\" class=\"so-panel widget widget_sow-image panel-first-child panel-last-child\" data-index=\"11\" ><div\n\t\t\t\n\t\t\tclass=\"so-widget-sow-image so-widget-sow-image-default-8b5b6f678277-52\"\n\t\t\t\n\t\t><\/div><\/div><\/div><\/div><\/div>","protected":false},"excerpt":{"rendered":"<p>Adresse :\u00a0Avenue de Mersch, 20 B-6700 Arlon (Belgique) Contact : info@escalpades.eu T\u00e9l. : +32 63 57 27 57 Compte : BE59 0688 9411 6826 BIC : GKCCBEBB L&rsquo;\u00e9dition 2026 du Fun4masters, c&rsquo;est en cours !!! Comme chaque ann\u00e9e, une manche au KSE \u00e0 Ettelbruck et une manche \u00e0 L&rsquo;Escale \u00e0 Arlon, en savoir plus &nbsp; [&hellip;]<\/p>\n","protected":false},"author":1,"featured_media":0,"parent":0,"menu_order":0,"comment_status":"closed","ping_status":"open","template":"home-panels.php","meta":{"jetpack_post_was_ever_published":false,"footnotes":""},"class_list":["post-52","page","type-page","status-publish","hentry","post"],"aioseo_notices":[],"jetpack_sharing_enabled":true,"jetpack_shortlink":"https:\/\/wp.me\/P6cOmk-Q","jetpack-related-posts":[],"_links":{"self":[{"href":"https:\/\/users.escalpades.eu\/escal3\/wp-json\/wp\/v2\/pages\/52","targetHints":{"allow":["GET"]}}],"collection":[{"href":"https:\/\/users.escalpades.eu\/escal3\/wp-json\/wp\/v2\/pages"}],"about":[{"href":"https:\/\/users.escalpades.eu\/escal3\/wp-json\/wp\/v2\/types\/page"}],"author":[{"embeddable":true,"href":"https:\/\/users.escalpades.eu\/escal3\/wp-json\/wp\/v2\/users\/1"}],"replies":[{"embeddable":true,"href":"https:\/\/users.escalpades.eu\/escal3\/wp-json\/wp\/v2\/comments?post=52"}],"version-history":[{"count":119,"href":"https:\/\/users.escalpades.eu\/escal3\/wp-json\/wp\/v2\/pages\/52\/revisions"}],"predecessor-version":[{"id":11059,"href":"https:\/\/users.escalpades.eu\/escal3\/wp-json\/wp\/v2\/pages\/52\/revisions\/11059"}],"wp:attachment":[{"href":"https:\/\/users.escalpades.eu\/escal3\/wp-json\/wp\/v2\/media?parent=52"}],"curies":[{"name":"wp","href":"https:\/\/api.w.org\/{rel}","templated":true}]}}