{"id":22,"date":"2014-12-08T06:53:28","date_gmt":"2014-12-08T06:53:28","guid":{"rendered":"http:\/\/users.escalpades.eu\/escal3\/?page_id=22"},"modified":"2022-12-03T12:55:49","modified_gmt":"2022-12-03T11:55:49","slug":"escalgrimpe","status":"publish","type":"page","link":"https:\/\/users.escalpades.eu\/escal3\/escalgrimpe","title":{"rendered":"Escal&rsquo;grimpe"},"content":{"rendered":"<div id=\"pl-22\"  class=\"panel-layout\" ><div id=\"pg-22-0\"  class=\"panel-grid panel-no-style\" ><div id=\"pgc-22-0-0\"  class=\"panel-grid-cell\" ><div id=\"panel-22-0-0-0\" class=\"so-panel widget widget_black-studio-tinymce widget_black_studio_tinymce panel-first-child panel-last-child\" data-index=\"0\" ><h3 class=\"widget-title\">Liste des activit\u00e9s<\/h3><div class=\"textwidget\"><p><script src=\"https:\/\/calendar.time.ly\/embed.js\" data-src=\"https:\/\/calendar.time.ly\/318ro7nm\/agenda?categories=677415156,677415154\" data-max-height=\"0\"  id=\"timely_script\" class=\"timely-script\"><\/script><\/p>\n<\/div><\/div><\/div><\/div><div id=\"pg-22-1\"  class=\"panel-grid panel-no-style\" ><div id=\"pgc-22-1-0\"  class=\"panel-grid-cell\" ><div id=\"panel-22-1-0-0\" class=\"so-panel widget widget_black-studio-tinymce widget_black_studio_tinymce panel-first-child panel-last-child\" data-index=\"1\" ><h3 class=\"widget-title\">\u00c0 lire attentivement!<\/h3><div class=\"textwidget\"><div id=\"u6895-4\" class=\"Attention clearfix colelem\" data-muse-uid=\"U6895\">\n<p>Organisation de l'activit\u00e9 sous r\u00e9serve d'un nombre suffisant de participants.<\/p><\/div>\n<div id=\"u6894-29\" class=\"Petits-commentaires clearfix colelem\" data-muse-uid=\"U6894\">\n<p>Du fait de la fr\u00e9quentation, des conditions m\u00e9t\u00e9o ou autres, la date, le lieu ou le responsable pourraient \u00eatre adapt\u00e9s (info avant l'activit\u00e9 via mail).<\/p>\n<p>Pour toutes les activit\u00e9s, <span style=\"color: #993300;\"><strong>l'affiliation \u00e0 Escal'pades (ou autre Club Alpin) est obligatoire !<\/strong><\/span> (possibilit\u00e9 d'invitations ponctuelles : contacter l\u2019organisateur).<\/p>\n<p><strong><span id=\"u6894-7\">Activit\u00e9 libre<\/span>\u00a0:<\/strong><\/p>\n<ul>\n<li id=\"u6894-11\">Rassemblement de pratiquants <strong>autonomes<\/strong> sous leur responsabilit\u00e9 (avec possibilit\u00e9 de trouver un \"premier\" de cord\u00e9e)<\/li>\n<\/ul>\n<p><strong><span id=\"u6894-12\">Activit\u00e9 accompagn\u00e9e<\/span>\u00a0:<\/strong><\/p>\n<ul>\n<li id=\"u6894-16\">Rassemblement avec une <strong>personne de r\u00e9f\u00e9rence<\/strong> pour l'organisation et la supervision de l'activit\u00e9 et des cord\u00e9es et des conseils pour les voies,\u2026<\/li>\n<li>L'accompagnant grimpe \u00e9galement (pas de cours ni supervision de la s\u00e9curit\u00e9)<\/li>\n<\/ul>\n<p><strong><span id=\"u6894-19\">Activit\u00e9 encadr\u00e9e<\/span>\u00a0:<\/strong><\/p>\n<ul>\n<li id=\"u6894-23\">Cours donn\u00e9 par une personne de r\u00e9f\u00e9rence (moniteur brevet\u00e9) avec <strong>objectif d'apprentissage<\/strong> (initiation, autonomie, perfectionnement, entra\u00eenement haut niveau,\u2026)<\/li>\n<li>Nombre de participants limit\u00e9 (\u00e0 fixer avec le responsable)<\/li>\n<\/ul>\n<\/div>\n<\/div><\/div><\/div><div id=\"pgc-22-1-1\"  class=\"panel-grid-cell\" ><div id=\"panel-22-1-1-0\" class=\"so-panel widget widget_sow-image panel-first-child panel-last-child\" data-index=\"2\" ><div\n\t\t\t\n\t\t\tclass=\"so-widget-sow-image so-widget-sow-image-default-8b5b6f678277-22\"\n\t\t\t\n\t\t>\n<div class=\"sow-image-container\">\n\t\t<img \n\tsrc=\"https:\/\/i0.wp.com\/users.escalpades.eu\/escal3\/wp-content\/uploads\/2014\/12\/escalade.png?fit=2304%2C1536&amp;ssl=1\" width=\"2304\" height=\"1536\" srcset=\"https:\/\/i0.wp.com\/users.escalpades.eu\/escal3\/wp-content\/uploads\/2014\/12\/escalade.png?w=2304&amp;ssl=1 2304w, https:\/\/i0.wp.com\/users.escalpades.eu\/escal3\/wp-content\/uploads\/2014\/12\/escalade.png?resize=300%2C200&amp;ssl=1 300w, https:\/\/i0.wp.com\/users.escalpades.eu\/escal3\/wp-content\/uploads\/2014\/12\/escalade.png?resize=1024%2C683&amp;ssl=1 1024w, https:\/\/i0.wp.com\/users.escalpades.eu\/escal3\/wp-content\/uploads\/2014\/12\/escalade.png?resize=272%2C182&amp;ssl=1 272w, https:\/\/i0.wp.com\/users.escalpades.eu\/escal3\/wp-content\/uploads\/2014\/12\/escalade.png?w=1440&amp;ssl=1 1440w, https:\/\/i0.wp.com\/users.escalpades.eu\/escal3\/wp-content\/uploads\/2014\/12\/escalade.png?w=2160&amp;ssl=1 2160w\" alt=\"\" \t\tclass=\"so-widget-image\"\/>\n\t<\/div>\n\n<\/div><\/div><\/div><\/div><\/div>","protected":false},"excerpt":{"rendered":"<p>Organisation de l&rsquo;activit\u00e9 sous r\u00e9serve d&rsquo;un nombre suffisant de participants. Du fait de la fr\u00e9quentation, des conditions m\u00e9t\u00e9o ou autres, la date, le lieu ou le responsable pourraient \u00eatre adapt\u00e9s (info avant l&rsquo;activit\u00e9 via mail). Pour toutes les activit\u00e9s, l&rsquo;affiliation \u00e0 Escal&rsquo;pades (ou autre Club Alpin) est obligatoire ! (possibilit\u00e9 d&rsquo;invitations ponctuelles : contacter l\u2019organisateur). [&hellip;]<\/p>\n","protected":false},"author":1,"featured_media":0,"parent":0,"menu_order":0,"comment_status":"closed","ping_status":"open","template":"","meta":{"jetpack_post_was_ever_published":false,"footnotes":""},"class_list":["post-22","page","type-page","status-publish","hentry","post"],"aioseo_notices":[],"jetpack_sharing_enabled":true,"jetpack_shortlink":"https:\/\/wp.me\/P6cOmk-m","jetpack-related-posts":[],"_links":{"self":[{"href":"https:\/\/users.escalpades.eu\/escal3\/wp-json\/wp\/v2\/pages\/22","targetHints":{"allow":["GET"]}}],"collection":[{"href":"https:\/\/users.escalpades.eu\/escal3\/wp-json\/wp\/v2\/pages"}],"about":[{"href":"https:\/\/users.escalpades.eu\/escal3\/wp-json\/wp\/v2\/types\/page"}],"author":[{"embeddable":true,"href":"https:\/\/users.escalpades.eu\/escal3\/wp-json\/wp\/v2\/users\/1"}],"replies":[{"embeddable":true,"href":"https:\/\/users.escalpades.eu\/escal3\/wp-json\/wp\/v2\/comments?post=22"}],"version-history":[{"count":37,"href":"https:\/\/users.escalpades.eu\/escal3\/wp-json\/wp\/v2\/pages\/22\/revisions"}],"predecessor-version":[{"id":9981,"href":"https:\/\/users.escalpades.eu\/escal3\/wp-json\/wp\/v2\/pages\/22\/revisions\/9981"}],"wp:attachment":[{"href":"https:\/\/users.escalpades.eu\/escal3\/wp-json\/wp\/v2\/media?parent=22"}],"curies":[{"name":"wp","href":"https:\/\/api.w.org\/{rel}","templated":true}]}}