{"id":10981,"date":"2025-09-01T11:35:24","date_gmt":"2025-09-01T09:35:24","guid":{"rendered":"https:\/\/users.escalpades.eu\/escal3\/?page_id=10981"},"modified":"2025-10-02T16:16:46","modified_gmt":"2025-10-02T14:16:46","slug":"entrainement-planification-2","status":"publish","type":"page","link":"https:\/\/users.escalpades.eu\/escal3\/escalgrimpe\/entrainement-planification-2","title":{"rendered":"Challenge El&rsquo;Capitan 2025"},"content":{"rendered":"<div id=\"pl-10981\"  class=\"panel-layout\" ><div id=\"pg-10981-0\"  class=\"panel-grid panel-no-style\" ><div id=\"pgc-10981-0-0\"  class=\"panel-grid-cell\" ><div id=\"panel-10981-0-0-0\" class=\"so-panel widget widget_black-studio-tinymce widget_black_studio_tinymce panel-first-child panel-last-child\" data-index=\"0\" ><h3 class=\"widget-title\">Description<\/h3><div class=\"textwidget\"><p><span style=\"color: #808080;\"><strong>C'est quoi?<\/strong><\/span><\/p>\n<p>Le Challenge El\u2019Capitan est un \u00e9v\u00e9nement de type \u00abChallenge\u00bb durant lequel des \u00e9quipes <strong>de une \u00e0 trois<\/strong> personnes doivent escalader au minimum 1000 m\u00e8tres de voies \u00e0 l'Escale. Les voies ont une longueur grimpable de +\/- 15 m\u00e8tres, ce qui exige la r\u00e9alisation compl\u00e8te de 67 voies par \u00e9quipe. <strong>Les \u00e9quipes grimpent d\u00e9guis\u00e9es.<\/strong> Le th\u00e8me de cette ann\u00e9e : les Golden Years de l'escalade au Yosemite, la p\u00e9riode hippie des ann\u00e9es '60.<\/p>\n<p><span style=\"color: #808080;\"><strong>C'est pour qui?\u00a0<\/strong><\/span><\/p>\n<p>Les \u00e9quipes sont compos\u00e9es de une \u00e0 trois personnes poss\u00e9dant au moins un savoir-faire en mati\u00e8re d\u2019assurage et d\u2019escalade. Chaque \u00e9quipe grimpera donc un total cumul\u00e9 de 67 voies. Par exemple, dans une \u00e9quipe de 2, le grimpeur A pourra grimper 40 voies et le grimpeur B 27 voies. Un maximum de 35 \u00e9quipes seront repr\u00e9sent\u00e9es (l'organisation se r\u00e9serve la possibilit\u00e9 de revoir ce nombre \u00e0 la hausse si il y a beaucoup d'\u00e9quipes de 1 personne).<\/p>\n<p>Pour \u00e9viter de bloquer les cordes trop longtemps et permettre une tournante :<\/p>\n<ul>\n<li>Une \u00e9quipe ne peut garder 1 corde que pour maximum 4 ascensions cons\u00e9cutives puis doit la c\u00e9der \u00e0 une autre \u00e9quipe<\/li>\n<li>Seuls les participants de la m\u00eame \u00e9quipe peuvent assurer (sauf \u00e9quipe de 1 : voir exemple ci-apr\u00e8s), une personne non inscrite ne peut pas assurer un grimpeur. Par exemples :\n<ul>\n<li>un grimpeur d'une \u00e9quipe de 3 grimpeurs ne peut \u00eatre assur\u00e9 que par un grimpeur de la m\u00eame \u00e9quipe pendant que le 3\u00e8me attend; on ne peut pas avoir 2 grimpeurs de la m\u00eame \u00e9quipe qui grimpent simultan\u00e9ment.<\/li>\n<li>un grimpeur d'une \"\u00e9quipe\" de 1 grimpeur ne peut \u00eatre assur\u00e9 que par un grimpeur d'une autre \u00e9quipe de 1 grimpeur sauf si il n'y en a aucun autre disponible : dans ce cas, l'organisation trouvera une solution \ud83d\ude42<\/li>\n<\/ul>\n<\/li>\n<\/ul>\n<p><span style=\"color: #808080;\"><strong> Qu'est-ce qu'on gagne?\u00a0<\/strong><\/span>Rien, c'est juste pour le fun.<\/p>\n<p><span style=\"color: #808080;\"><strong>Prix d'inscription au Challenge :<\/strong><\/span>\u00a0chaque participant, personne physique, s'acquitte de son droit d'entr\u00e9e \u00e0 L'Escale (entr\u00e9e simple, carte ou abonnement).<\/p>\n<p>&nbsp;<\/p>\n<\/div><\/div><\/div><div id=\"pgc-10981-0-1\"  class=\"panel-grid-cell\" ><div id=\"panel-10981-0-1-0\" class=\"so-panel widget widget_sow-image panel-first-child\" data-index=\"1\" ><div\n\t\t\t\n\t\t\tclass=\"so-widget-sow-image so-widget-sow-image-default-8b5b6f678277-10981\"\n\t\t\t\n\t\t>\n<div class=\"sow-image-container\">\n\t\t<img \n\tsrc=\"https:\/\/i0.wp.com\/users.escalpades.eu\/escal3\/wp-content\/uploads\/2025\/08\/DSC00175-scaled.jpg?fit=2560%2C1920&amp;ssl=1\" width=\"2560\" height=\"1920\" srcset=\"https:\/\/i0.wp.com\/users.escalpades.eu\/escal3\/wp-content\/uploads\/2025\/08\/DSC00175-scaled.jpg?w=2560&amp;ssl=1 2560w, https:\/\/i0.wp.com\/users.escalpades.eu\/escal3\/wp-content\/uploads\/2025\/08\/DSC00175-scaled.jpg?resize=300%2C225&amp;ssl=1 300w, https:\/\/i0.wp.com\/users.escalpades.eu\/escal3\/wp-content\/uploads\/2025\/08\/DSC00175-scaled.jpg?resize=1024%2C768&amp;ssl=1 1024w, https:\/\/i0.wp.com\/users.escalpades.eu\/escal3\/wp-content\/uploads\/2025\/08\/DSC00175-scaled.jpg?resize=768%2C576&amp;ssl=1 768w, https:\/\/i0.wp.com\/users.escalpades.eu\/escal3\/wp-content\/uploads\/2025\/08\/DSC00175-scaled.jpg?resize=1536%2C1152&amp;ssl=1 1536w, https:\/\/i0.wp.com\/users.escalpades.eu\/escal3\/wp-content\/uploads\/2025\/08\/DSC00175-scaled.jpg?resize=2048%2C1536&amp;ssl=1 2048w, https:\/\/i0.wp.com\/users.escalpades.eu\/escal3\/wp-content\/uploads\/2025\/08\/DSC00175-scaled.jpg?w=1440&amp;ssl=1 1440w, https:\/\/i0.wp.com\/users.escalpades.eu\/escal3\/wp-content\/uploads\/2025\/08\/DSC00175-scaled.jpg?w=2160&amp;ssl=1 2160w\" title=\"Photo du nose\" alt=\"\" \t\tclass=\"so-widget-image\"\/>\n\t<\/div>\n\n<\/div><\/div><div id=\"panel-10981-0-1-1\" class=\"so-panel widget widget_black-studio-tinymce widget_black_studio_tinymce\" data-index=\"2\" ><div class=\"textwidget\"><p style=\"text-align: left;\"><strong>El'CAPITAN<\/strong>, dans le parc national du Yosemite en Californie,<br \/>\nEn plein centre, sur le pilier, Le \"Nose\" est la voie la plus c\u00e9l\u00e8bre de El'Capitan, qui fait \u00e0 peu pr\u00e8s 1000 m\u00e8tres de hauteur<\/p>\n<\/div><\/div><div id=\"panel-10981-0-1-2\" class=\"so-panel widget widget_black-studio-tinymce widget_black_studio_tinymce panel-last-child\" data-index=\"3\" ><h3 class=\"widget-title\">D\u00e9tails<\/h3><div class=\"textwidget\"><h5>C'est quand?<\/h5>\n<p> Le Challenge El\u2019Capitan se d\u00e9roule le 18 octobre 2025, de 13 \u00e0 19 heures. Pr\u00e9sence souhait\u00e9e des \u00e9quipes \u00e0 partir de 12h30. <\/p>\n<h5>Je peux participer?<\/h5>\n<p>Bien s\u00fbr! Pour autant que tu aies la forme physique pour le faire. Pour s'inscrire, rien de plus simple:<\/p>\n<\/div><\/div><\/div><\/div><div id=\"pg-10981-1\"  class=\"panel-grid panel-no-style\" ><div id=\"pgc-10981-1-0\"  class=\"panel-grid-cell panel-grid-cell-empty\" ><\/div><div id=\"pgc-10981-1-1\"  class=\"panel-grid-cell\" ><div id=\"panel-10981-1-1-0\" class=\"so-panel widget widget_sow-button panel-first-child panel-last-child\" data-index=\"4\" ><div\n\t\t\t\n\t\t\tclass=\"so-widget-sow-button so-widget-sow-button-atom-36e22cfc6189-10981\"\n\t\t\t\n\t\t><div class=\"ow-button-base ow-button-align-center\"\n>\n\t\t\t<a\n\t\t\t\t\thref=\"https:\/\/form.jotform.com\/252442596885370\"\n\t\t\t\t\tclass=\"sowb-button ow-icon-placement-left ow-button-hover\" \t>\n\t\t<span>\n\t\t\t<span class=\"sow-icon-fontawesome sow-fas\" data-sow-icon=\"&#xf303;\"\n\t\tstyle=\"\" \n\t\taria-hidden=\"true\"><\/span>\n\t\t\tJ'inscris une \u00e9quipe\t\t<\/span>\n\t\t\t<\/a>\n\t<\/div>\n<\/div><\/div><\/div><div id=\"pgc-10981-1-2\"  class=\"panel-grid-cell\" ><div id=\"panel-10981-1-2-0\" class=\"so-panel widget widget_sow-button panel-first-child panel-last-child\" data-index=\"5\" ><div\n\t\t\t\n\t\t\tclass=\"so-widget-sow-button so-widget-sow-button-atom-36e22cfc6189-10981\"\n\t\t\t\n\t\t><div class=\"ow-button-base ow-button-align-center\"\n>\n\t\t\t<a\n\t\t\t\t\thref=\"https:\/\/users.escalpades.eu\/escal3\/escalgrimpe\/entrainement-planification\/elcapitan-challengers\"\n\t\t\t\t\tclass=\"sowb-button ow-icon-placement-left ow-button-hover\" target=\"_blank\" rel=\"noopener noreferrer\" \t>\n\t\t<span>\n\t\t\t<span class=\"sow-icon-typicons\" data-sow-icon=\"&#xe083;\"\n\t\tstyle=\"\" \n\t\taria-hidden=\"true\"><\/span>\n\t\t\tMes challengers\t\t<\/span>\n\t\t\t<\/a>\n\t<\/div>\n<\/div><\/div><\/div><\/div><\/div>","protected":false},"excerpt":{"rendered":"<p>C&rsquo;est quoi? Le Challenge El\u2019Capitan est un \u00e9v\u00e9nement de type \u00abChallenge\u00bb durant lequel des \u00e9quipes de une \u00e0 trois personnes doivent escalader au minimum 1000 m\u00e8tres de voies \u00e0 l&rsquo;Escale. Les voies ont une longueur grimpable de +\/- 15 m\u00e8tres, ce qui exige la r\u00e9alisation compl\u00e8te de 67 voies par \u00e9quipe. Les \u00e9quipes grimpent d\u00e9guis\u00e9es. [&hellip;]<\/p>\n","protected":false},"author":3,"featured_media":0,"parent":22,"menu_order":0,"comment_status":"closed","ping_status":"closed","template":"","meta":{"jetpack_post_was_ever_published":false,"footnotes":""},"class_list":["post-10981","page","type-page","status-publish","hentry","post"],"aioseo_notices":[],"jetpack_sharing_enabled":true,"jetpack_shortlink":"https:\/\/wp.me\/P6cOmk-2R7","jetpack-related-posts":[],"_links":{"self":[{"href":"https:\/\/users.escalpades.eu\/escal3\/wp-json\/wp\/v2\/pages\/10981","targetHints":{"allow":["GET"]}}],"collection":[{"href":"https:\/\/users.escalpades.eu\/escal3\/wp-json\/wp\/v2\/pages"}],"about":[{"href":"https:\/\/users.escalpades.eu\/escal3\/wp-json\/wp\/v2\/types\/page"}],"author":[{"embeddable":true,"href":"https:\/\/users.escalpades.eu\/escal3\/wp-json\/wp\/v2\/users\/3"}],"replies":[{"embeddable":true,"href":"https:\/\/users.escalpades.eu\/escal3\/wp-json\/wp\/v2\/comments?post=10981"}],"version-history":[{"count":10,"href":"https:\/\/users.escalpades.eu\/escal3\/wp-json\/wp\/v2\/pages\/10981\/revisions"}],"predecessor-version":[{"id":11004,"href":"https:\/\/users.escalpades.eu\/escal3\/wp-json\/wp\/v2\/pages\/10981\/revisions\/11004"}],"up":[{"embeddable":true,"href":"https:\/\/users.escalpades.eu\/escal3\/wp-json\/wp\/v2\/pages\/22"}],"wp:attachment":[{"href":"https:\/\/users.escalpades.eu\/escal3\/wp-json\/wp\/v2\/media?parent=10981"}],"curies":[{"name":"wp","href":"https:\/\/api.w.org\/{rel}","templated":true}]}}